{"id":2,"date":"2012-03-18T00:38:52","date_gmt":"2012-03-18T00:38:52","guid":{"rendered":"http:\/\/corso-coaching.de\/cc\/?page_id=2"},"modified":"2024-03-25T09:38:38","modified_gmt":"2024-03-25T09:38:38","slug":"beispiel-seite","status":"publish","type":"page","link":"https:\/\/corso-coaching.de\/cc\/","title":{"rendered":"Home"},"content":{"rendered":"<h2 style=\"text-align: right;\"><strong>Herzlich Willkommen bei <em>corso della vita<\/em> in&nbsp; Darmstadt &#8211; Eberstadt<\/strong><\/h2>\n<p><a href=\"http:\/\/corso-coaching.de\/cc\/wp-content\/uploads\/2012\/07\/\u00fcbermich_1b_2019.jpg\"><img fetchpriority=\"high\" decoding=\"async\" class=\"alignleft size-full wp-image-607\" src=\"http:\/\/corso-coaching.de\/cc\/wp-content\/uploads\/2012\/07\/\u00fcbermich_1b_2019.jpg\" alt=\"\u00fcbermich_1b_2019\" width=\"247\" height=\"366\" srcset=\"https:\/\/corso-coaching.de\/cc\/wp-content\/uploads\/2012\/07\/\u00fcbermich_1b_2019.jpg 247w, https:\/\/corso-coaching.de\/cc\/wp-content\/uploads\/2012\/07\/\u00fcbermich_1b_2019-202x300.jpg 202w\" sizes=\"(max-width: 247px) 100vw, 247px\" \/><\/a><\/p>\n<p><strong>Bleiben Sie gelassen und zuversichtlich.<\/strong><\/p>\n<p><em>Gerade in unsicheren Zeiten ist es hilfreich, sich mit Methoden der Achtsamkeit, der Resilienz zu \u00fcben und Stabilit\u00e4t beizubehalten oder wiederherzustellen. Dieses \u00fcben kann ich mit Ihnen auch online, per Video\/Zoom, oder Telefon herstellen.<br \/>\n<\/em><\/p>\n<p><em><strong>Unternehmen <\/strong><\/em>unterst\u00fctze und berate ich bei der L\u00f6sung von Konflikten, bei der Weiterentwicklung von Teams und mit der Moderation von Prozessen oder Veranstaltungen.<\/p>\n<p>Suchen Sie als <strong><em>Privatperson<\/em> <\/strong>Hilfe bei der Kl\u00e4rung&nbsp; wichtiger pers\u00f6nlicher oder beruflicher Fragen und Herausforderungen, erleben Sie Krisen oder Konflikte, in denen Sie Begleitung brauchen, stehe ich Ihnen zur Verf\u00fcgung.<\/p>\n<p>Ich biete Ihnen konstruktive Impulse, neue Perspektiven und Sichtweisen. Und schaue mit Ihnen wertsch\u00e4tzend auf Ihre Ressourcen und das Machbare.<\/p>\n<p>Bei Fragen und Interesse rufen Sie mich an oder schreiben Sie eine Email. Ich begr\u00fc\u00dfe Sie gerne in meinen R\u00e4umen in Darmstadt &#8211; Eberstadt f\u00fcr ein erstes unverbindliches und kostenfreies Gespr\u00e4ch.<\/p>\n<p style=\"text-align: right;\"><strong><em>Telefon<\/em>&nbsp; 06151 . 629 73 81<\/strong>&nbsp; ,<strong>&nbsp; <em>Skype<\/em>&nbsp; beaschmitt182 <\/strong>oder&nbsp; <strong><em>Email<\/em>&nbsp;<\/strong>&nbsp;<a href=\"mailto:b.schmitt@corso-coaching.de\">b.schmitt@corso-coaching.de<\/a><\/p>\n<h3 style=\"text-align: right;\">&nbsp; &nbsp; &nbsp; &nbsp; &nbsp; &nbsp; &nbsp; &nbsp; &nbsp; &nbsp; &nbsp; &nbsp; &nbsp; &nbsp; &nbsp; &nbsp; &nbsp; &nbsp; &nbsp; &nbsp; &nbsp; &nbsp; &nbsp; &nbsp; &nbsp; &nbsp; &nbsp; &nbsp; &nbsp;<em><strong>Ich freue mich, Sie kennenzulernen!<\/strong><\/em><\/h3>\n","protected":false},"excerpt":{"rendered":"<p>Herzlich Willkommen bei corso della vita in&nbsp; Darmstadt &#8211; Eberstadt Bleiben Sie gelassen und zuversichtlich. Gerade in unsicheren Zeiten ist es hilfreich, sich mit Methoden der Achtsamkeit, der Resilienz zu &#8230;<\/p>\n","protected":false},"author":1,"featured_media":0,"parent":0,"menu_order":0,"comment_status":"closed","ping_status":"open","template":"template-frontpage.php","meta":[],"_links":{"self":[{"href":"https:\/\/corso-coaching.de\/cc\/wp-json\/wp\/v2\/pages\/2"}],"collection":[{"href":"https:\/\/corso-coaching.de\/cc\/wp-json\/wp\/v2\/pages"}],"about":[{"href":"https:\/\/corso-coaching.de\/cc\/wp-json\/wp\/v2\/types\/page"}],"author":[{"embeddable":true,"href":"https:\/\/corso-coaching.de\/cc\/wp-json\/wp\/v2\/users\/1"}],"replies":[{"embeddable":true,"href":"https:\/\/corso-coaching.de\/cc\/wp-json\/wp\/v2\/comments?post=2"}],"version-history":[{"count":140,"href":"https:\/\/corso-coaching.de\/cc\/wp-json\/wp\/v2\/pages\/2\/revisions"}],"predecessor-version":[{"id":2277,"href":"https:\/\/corso-coaching.de\/cc\/wp-json\/wp\/v2\/pages\/2\/revisions\/2277"}],"wp:attachment":[{"href":"https:\/\/corso-coaching.de\/cc\/wp-json\/wp\/v2\/media?parent=2"}],"curies":[{"name":"wp","href":"https:\/\/api.w.org\/{rel}","templated":true}]}}