{"id":35,"date":"2012-07-07T22:35:27","date_gmt":"2012-07-07T22:35:27","guid":{"rendered":"http:\/\/corso-coaching.de\/cc\/?page_id=35"},"modified":"2024-04-22T06:11:27","modified_gmt":"2024-04-22T06:11:27","slug":"angebot","status":"publish","type":"page","link":"https:\/\/corso-coaching.de\/cc\/angebot\/","title":{"rendered":"ANGEBOT"},"content":{"rendered":"<p><strong><a title=\"Coaching\" href=\"http:\/\/corso-coaching.de\/cc\/beratung_coaching\/\">COACHING und THERAPIE<\/a><\/strong><br \/>\n<span style=\"color: #000000;\"><span class=\"s8\">Als Coach unterst\u00fctze ich Sie bei der L\u00f6sung von beruflichen Fragestellungen, hierbei kann es sich um die Frage nach dem \u201ewohin\u201c, der besseren Vereinbarkeit von Beruf und Privatem oder auch der Bearbeitung von Konflikten<\/span> <span class=\"s8\">und anderen Herausforderungen <\/span><span class=\"s8\">im Beruf <\/span><span class=\"s8\">handeln. <\/span><span class=\"s8\">Als <\/span><span class=\"s8\">Privatperson suchen Sie vielleicht Unterst\u00fctzung bei den Sinnfragen des Lebens, auch hier ist das \u201ewohin\u201c oft von Bedeutung. In der Therapie begleite ich Sie beispielsweise bei der Aufarbeitung von Schwierigkeiten in sozialen Kontakten. Auch in pers\u00f6nlichen Krisen, Depression, Angstst\u00f6rungen oder in Belastungssituationen unterst\u00fctze ich Sie.<br \/>\n<\/span><\/span><\/p>\n<p><span style=\"color: #000000;\"><span class=\"s8\">Als besonderen Schwerpunkt <\/span><span class=\"s8\">unterst\u00fctze ich Eltern bei der Auseinandersetzung in der Beziehung zu ihrem Kind. Das im Besonderen, wenn das Kind <\/span><span class=\"s8\">ein besonderes ist, und <\/span><span class=\"s8\">sich au\u00dferhalb dessen bewegt, von dem wir gemeinhin denken, es sei\u00a0 normal und dies entsprechend bewerten.<\/span><\/span><\/p>\n<p><strong><a href=\"http:\/\/corso-coaching.de\/cc\/konfliktloesung\/\">BERATUNG und KONFLIKTL\u00d6SUNG<\/a> <\/strong><br \/>\n<span style=\"color: #000000;\"><span class=\"s8\">Ich helfe Ihnen dabei, die Strukturen des Konflikts <\/span><span class=\"s8\">und die verschiedenen<\/span><span class=\"s8\"> Anteile<\/span><span class=\"s8\"> der Beteiligten zu erkennen<\/span><span class=\"s8\">, und daraus ergeben sich neue M\u00f6glichkeiten f\u00fcr die KonfliktpartnerInnen sich wieder zu begegnen.<\/span><span class=\"s8\"> Suchen Sie fr\u00fchzeitig die f\u00fcr Sie passende Begleitung, umso leichter ist es eine Konfliktsituation zu kl\u00e4ren.<\/span><\/span><\/p>\n<p><span class=\"s8\">Themen der Nachhaltigkeit, des Umwelt- und Klimaschutzes, der psychischen und physischen Gesundheit und weitere gesellschaftliche Themen bereite ich mit Ihnen in verschiedenen Designs vor. Seien es Workshops, Tagungen oder Diskussionsrunden, ich bereite die Veranstaltung mit Ihnen vor und moderiere sie bis zum Ende.<\/span><\/p>\n<p><span style=\"color: #000000;\"><a href=\"http:\/\/corso-coaching.de\/cc\/achtsamkeit\/\"><strong>ACHTSAMKEIT\u00a0 <\/strong><\/a><br \/>\n<span class=\"s8\">Achtsamkeit ist <\/span><span class=\"s8\">nicht neu, wenn sie gerade auch (wieder) sehr modern ist. Sie ist mehr als ein Wort, Achtsamkeit ist eine Haltung, die einen in schnelllebigen Zeiten davor sch\u00fctzt in der Hektik des Lebens unterzugehen. <\/span><span class=\"s8\">Sie \u00fcben Pr\u00e4senz, Gegenw\u00e4rtigkeit und Bewusstheit und wenden sich damit dem gegenw\u00e4rtigen Moment zu.<\/span><\/span><\/p>\n","protected":false},"excerpt":{"rendered":"<p>COACHING und THERAPIE Als Coach unterst\u00fctze ich Sie bei der L\u00f6sung von beruflichen Fragestellungen, hierbei kann es sich um die Frage nach dem \u201ewohin\u201c, der besseren Vereinbarkeit von Beruf und &#8230;<\/p>\n","protected":false},"author":1,"featured_media":0,"parent":0,"menu_order":2,"comment_status":"closed","ping_status":"closed","template":"","meta":[],"_links":{"self":[{"href":"https:\/\/corso-coaching.de\/cc\/wp-json\/wp\/v2\/pages\/35"}],"collection":[{"href":"https:\/\/corso-coaching.de\/cc\/wp-json\/wp\/v2\/pages"}],"about":[{"href":"https:\/\/corso-coaching.de\/cc\/wp-json\/wp\/v2\/types\/page"}],"author":[{"embeddable":true,"href":"https:\/\/corso-coaching.de\/cc\/wp-json\/wp\/v2\/users\/1"}],"replies":[{"embeddable":true,"href":"https:\/\/corso-coaching.de\/cc\/wp-json\/wp\/v2\/comments?post=35"}],"version-history":[{"count":49,"href":"https:\/\/corso-coaching.de\/cc\/wp-json\/wp\/v2\/pages\/35\/revisions"}],"predecessor-version":[{"id":2354,"href":"https:\/\/corso-coaching.de\/cc\/wp-json\/wp\/v2\/pages\/35\/revisions\/2354"}],"wp:attachment":[{"href":"https:\/\/corso-coaching.de\/cc\/wp-json\/wp\/v2\/media?parent=35"}],"curies":[{"name":"wp","href":"https:\/\/api.w.org\/{rel}","templated":true}]}}