{"id":4,"date":"2012-06-15T20:44:04","date_gmt":"2012-06-15T20:44:04","guid":{"rendered":"http:\/\/corso-coaching.de\/cc\/?page_id=4"},"modified":"2024-04-22T05:39:03","modified_gmt":"2024-04-22T05:39:03","slug":"impressum","status":"publish","type":"page","link":"https:\/\/corso-coaching.de\/cc\/impressum\/","title":{"rendered":"KONTAKT"},"content":{"rendered":"<p><strong>Post- und B\u00fcroanschrift<\/strong><\/p>\n<p><em><strong>corso della vita<\/strong><\/em><br \/>\nBea Schmitt<br \/>\nRingstra\u00dfe 93<br \/>\n64297 Darmstadt (Ortsteil Eberstadt)<\/p>\n<p><em>Systemische Coach und Beraterin<br \/>\nHeilpraktikerin Psychotherapie<br \/>\n<\/em><\/p>\n<p><strong>E-Mail<\/strong>: <a href=\"mailto:b.schmitt@corso-coaching.de\">b.schmitt@corso-coaching.de<\/a><br \/>\n<strong>Telefon<\/strong>: <a href=\"tel:+4961516297381\">+49 6151 629 73 81<\/a><br \/>\n<strong>Mobil<\/strong>: <a href=\"tel:+491715342513\">+49 171 534 25 13<br \/>\n<\/a><\/p>\n<p><strong>Skype<\/strong>: beaschmitt182<\/p>\n<p>Steuer-Nr. 007 871 02102<br \/>\nFinanzamt Darmstadt<br \/>\nUmsatzsteuerfrei gem\u00e4\u00df \u00a719 (1) UStG<\/p>\n<p><strong>Haftungshinweis: <\/strong><\/p>\n<p>Trotz sorgf\u00e4ltiger inhaltlicher Kontrolle \u00fcbernehmen wir keine Haftung f\u00fcr die Inhalte externer Links.<br \/>\nF\u00fcr den Inhalt der verlinkten Seiten sind ausschlie\u00dflich deren Betreiber verantwortlich.<br \/>\nDer Nutzung von im Rahmen der Impressumspflicht ver\u00f6ffentlichten Kontaktdaten durch Dritte zur \u00dcbersendung von nicht ausdr\u00fccklich angeforderter Werbung und Informationsmaterialien wird hiermit ausdr\u00fccklich widersprochen.<br \/>\nDie Betreiber der Seiten behalten sich ausdr\u00fccklich rechtliche Schritte im Falle der unverlangten Zusendung von Werbeinformationen, etwa durch Spam-Mails, vor.<\/p>\n<p><strong>Inhaltlich verantwortlich: <\/strong><br \/>\nBea Schmitt<br \/>\nRingstra\u00dfe 93<br \/>\nD \u2013 64297 Darmstadt -Eberstadt<\/p>\n<p><strong>Webdesign<\/strong>: <a title=\"KREATIVKONTOR\" href=\"http:\/\/www.kreativkontor.de\" target=\"_blank\" rel=\"noopener noreferrer\">KREATIVKONTOR K\u00f6ln<\/a><\/p>\n<p><strong>Fotos:<br \/>\n<\/strong>Portr\u00e4t: <a href=\"https:\/\/www.ellenlewis.de\/\" target=\"_blank\" rel=\"noopener noreferrer\">Ellen Lewis, Darmstadt<\/a><br \/>\nCoaching: privat<br \/>\nCoaching &#8211; Au\u00dfergew\u00f6hnliches: <a href=\"http:\/\/www.fotodesign-vonderlinde.de\/galerie.html\" target=\"_blank\" rel=\"noopener noreferrer\">Ulrike von der Linde<\/a><br \/>\nKonfliktl\u00f6sung: <a href=\"https:\/\/www.team-ewen.de\/\" target=\"_blank\" rel=\"noopener noreferrer\">team ewen GbR <\/a><br \/>\nModeration: Werner Lesser, Darmstadt<br \/>\nAchtsamkeit: <a href=\"http:\/\/pixelio.de\" target=\"_blank\" rel=\"noopener noreferrer\">Peter Bast\/pixelio.de<\/a><\/p>\n","protected":false},"excerpt":{"rendered":"<p>Post- und B\u00fcroanschrift corso della vita Bea Schmitt Ringstra\u00dfe 93 64297 Darmstadt (Ortsteil Eberstadt) Systemische Coach und Beraterin Heilpraktikerin Psychotherapie E-Mail: b.schmitt@corso-coaching.de Telefon: +49 6151 629 73 81 Mobil: +49 &#8230;<\/p>\n","protected":false},"author":1,"featured_media":0,"parent":0,"menu_order":5,"comment_status":"closed","ping_status":"closed","template":"","meta":[],"_links":{"self":[{"href":"https:\/\/corso-coaching.de\/cc\/wp-json\/wp\/v2\/pages\/4"}],"collection":[{"href":"https:\/\/corso-coaching.de\/cc\/wp-json\/wp\/v2\/pages"}],"about":[{"href":"https:\/\/corso-coaching.de\/cc\/wp-json\/wp\/v2\/types\/page"}],"author":[{"embeddable":true,"href":"https:\/\/corso-coaching.de\/cc\/wp-json\/wp\/v2\/users\/1"}],"replies":[{"embeddable":true,"href":"https:\/\/corso-coaching.de\/cc\/wp-json\/wp\/v2\/comments?post=4"}],"version-history":[{"count":101,"href":"https:\/\/corso-coaching.de\/cc\/wp-json\/wp\/v2\/pages\/4\/revisions"}],"predecessor-version":[{"id":2345,"href":"https:\/\/corso-coaching.de\/cc\/wp-json\/wp\/v2\/pages\/4\/revisions\/2345"}],"wp:attachment":[{"href":"https:\/\/corso-coaching.de\/cc\/wp-json\/wp\/v2\/media?parent=4"}],"curies":[{"name":"wp","href":"https:\/\/api.w.org\/{rel}","templated":true}]}}